{"id":345,"date":"2023-12-04T20:00:23","date_gmt":"2023-12-04T19:00:23","guid":{"rendered":"https:\/\/segurossiempre.com\/?page_id=345"},"modified":"2023-12-11T21:17:34","modified_gmt":"2023-12-11T20:17:34","slug":"seguros-particulares","status":"publish","type":"page","link":"https:\/\/segurossiempre.com\/index.php\/seguros-particulares\/","title":{"rendered":"Seguros Particulares"},"content":{"rendered":"\t\t<div data-elementor-type=\"wp-page\" data-elementor-id=\"345\" class=\"elementor elementor-345\">\n\t\t\t\t\t\t<div class=\"elementor-section elementor-top-section elementor-element elementor-element-726b9ff1 elementor-section-boxed elementor-section-height-default elementor-section-height-default\" data-id=\"726b9ff1\" data-element_type=\"section\" data-e-type=\"section\" data-settings=\"{&quot;background_background&quot;:&quot;classic&quot;}\">\n\t\t\t\t\t\t\t<div class=\"elementor-background-overlay\"><\/div>\n\t\t\t\t\t\t\t<div class=\"elementor-container elementor-column-gap-default\">\n\t\t\t\t\t<div class=\"elementor-column elementor-col-50 elementor-top-column elementor-element elementor-element-351bd229\" data-id=\"351bd229\" data-element_type=\"column\" data-e-type=\"column\">\n\t\t\t<div class=\"elementor-widget-wrap elementor-element-populated\">\n\t\t\t\t\t\t<div class=\"elementor-element elementor-element-40a0d2d5 ui-e-a-animate elementor-widget elementor-widget-highlighted-text\" data-id=\"40a0d2d5\" data-element_type=\"widget\" data-e-type=\"widget\" data-widget_type=\"highlighted-text.default\">\n\t\t\t\t<div class=\"elementor-widget-container\">\n\t\t\t\t\t\t\t<h1 class=\"ui-e--highlighted-text\" >\n        <span class=\"ui-e-headline-text\">Seguros<\/span><span class=\"whitespace\"> <\/span><span class=\"ui-e-headline-text ui-e-headline-stroke1\">\n\t\t\t\t\t\t\t<span class=\"ui-e-headline-text ui-e-headline-highlighted\">Particulares<\/span><span class=\"uicore-svg-wrapper\"><svg xmlns=\"http:\/\/www.w3.org\/2000\/svg\" viewBox=\"0 0 500 150\" preserveAspectRatio=\"none\"><path d='M15.2,133.3L15.2,133.3c121.9-7.6,244-9.9,366.1-6.8c34.6,0.9,69.1,2.3,103.7,4'\/><\/svg><\/span><\/span><span class=\"whitespace\"> <\/span>        <\/h1>\n        \t\t\t\t<\/div>\n\t\t\t\t<\/div>\n\t\t\t\t<div class=\"elementor-element elementor-element-7cd83a8a elementor-widget elementor-widget-text-editor\" data-id=\"7cd83a8a\" data-element_type=\"widget\" data-e-type=\"widget\" data-widget_type=\"text-editor.default\">\n\t\t\t\t<div class=\"elementor-widget-container\">\n\t\t\t\t\t\t\t\t\t<p>Encuentra coberturas a medida para tu vida y patrimonio.<\/p><p>Garantizamos seguridad y tranquilidad con soluciones adaptadas a tus necesidades individuales.<\/p>\t\t\t\t\t\t\t\t<\/div>\n\t\t\t\t<\/div>\n\t\t\t\t<div class=\"elementor-element elementor-element-459f1cbc elementor-widget__width-auto elementor-widget elementor-widget-button\" data-id=\"459f1cbc\" data-element_type=\"widget\" data-e-type=\"widget\" data-widget_type=\"button.default\">\n\t\t\t\t<div class=\"elementor-widget-container\">\n\t\t\t\t\t\t\t\t\t<div class=\"elementor-button-wrapper\">\n\t\t\t\t\t<a class=\"elementor-button elementor-button-link elementor-size-sm\" href=\"https:\/\/segurossiempre.com\/index.php\/contact\/\">\n\t\t\t\t\t\t<span class=\"elementor-button-content-wrapper\">\n\t\t\t\t\t\t\t\t\t<span class=\"elementor-button-text\">Cotiza con nosotros<\/span>\n\t\t\t\t\t<\/span>\n\t\t\t\t\t<\/a>\n\t\t\t\t<\/div>\n\t\t\t\t\t\t\t\t<\/div>\n\t\t\t\t<\/div>\n\t\t\t\t\t<\/div>\n\t\t<\/div>\n\t\t\t\t<div class=\"elementor-column elementor-col-50 elementor-top-column elementor-element elementor-element-18215d4e\" data-id=\"18215d4e\" data-element_type=\"column\" data-e-type=\"column\">\n\t\t\t<div class=\"elementor-widget-wrap elementor-element-populated\">\n\t\t\t\t\t\t<div class=\"elementor-element elementor-element-1126d036 animated-fast elementor-invisible elementor-widget elementor-widget-image\" data-id=\"1126d036\" data-element_type=\"widget\" data-e-type=\"widget\" data-settings=\"{&quot;_animation&quot;:&quot;zoomIn&quot;,&quot;_animation_delay&quot;:300}\" data-widget_type=\"image.default\">\n\t\t\t\t<div class=\"elementor-widget-container\">\n\t\t\t\t\t\t\t\t\t\t\t\t\t\t\t<img fetchpriority=\"high\" decoding=\"async\" width=\"1095\" height=\"1043\" src=\"https:\/\/segurossiempre.com\/wp-content\/uploads\/2023\/12\/particulares-seguros.webp\" class=\"attachment-full size-full wp-image-540\" alt=\"seguros particulares\" srcset=\"https:\/\/segurossiempre.com\/wp-content\/uploads\/2023\/12\/particulares-seguros.webp 1095w, https:\/\/segurossiempre.com\/wp-content\/uploads\/2023\/12\/particulares-seguros-300x286.webp 300w, https:\/\/segurossiempre.com\/wp-content\/uploads\/2023\/12\/particulares-seguros-1024x975.webp 1024w, https:\/\/segurossiempre.com\/wp-content\/uploads\/2023\/12\/particulares-seguros-768x732.webp 768w, https:\/\/segurossiempre.com\/wp-content\/uploads\/2023\/12\/particulares-seguros-650x619.webp 650w\" sizes=\"(max-width: 1095px) 100vw, 1095px\" \/>\t\t\t\t\t\t\t\t\t\t\t\t\t\t\t<\/div>\n\t\t\t\t<\/div>\n\t\t\t\t<div class=\"elementor-element elementor-element-5439e510 elementor-widget__width-initial elementor-widget-tablet__width-initial elementor-widget-mobile__width-initial elementor-absolute animated-slow elementor-invisible elementor-widget elementor-widget-spacer\" data-id=\"5439e510\" data-element_type=\"widget\" data-e-type=\"widget\" data-settings=\"{&quot;_position&quot;:&quot;absolute&quot;,&quot;_animation&quot;:&quot;zoomIn&quot;,&quot;_animation_delay&quot;:300}\" data-widget_type=\"spacer.default\">\n\t\t\t\t<div class=\"elementor-widget-container\">\n\t\t\t\t\t\t\t<div class=\"elementor-spacer\">\n\t\t\t<div class=\"elementor-spacer-inner\"><\/div>\n\t\t<\/div>\n\t\t\t\t\t\t<\/div>\n\t\t\t\t<\/div>\n\t\t\t\t\t<\/div>\n\t\t<\/div>\n\t\t\t\t\t<\/div>\n\t\t<\/div>\n\t\t<div class=\"elementor-element elementor-element-161b5cdc e-flex e-con-boxed e-con e-parent\" data-id=\"161b5cdc\" data-element_type=\"container\" data-e-type=\"container\">\n\t\t\t\t\t<div class=\"e-con-inner\">\n\t\t<div class=\"elementor-element elementor-element-6439d227 e-con-full e-flex e-con e-child\" data-id=\"6439d227\" data-element_type=\"container\" data-e-type=\"container\">\n\t\t\t\t<div class=\"elementor-element elementor-element-1d6c42eb elementor-widget elementor-widget-bdt-animated-card\" data-id=\"1d6c42eb\" data-element_type=\"widget\" data-e-type=\"widget\" data-widget_type=\"bdt-animated-card.default\">\n\t\t\t\t<div class=\"elementor-widget-container\">\n\t\t\t\t\t\t\t<div class=\"bdt-ep-animated-card bdt-style-1\">\n\t\t\t<div class=\"bdt-ep-animated-card-item\">\n\t\t\t\t<div class=\"bdt-ep-animated-card-circle\"><\/div>\n\t\t\t\t<div class=\"bdt-ep-animated-card-content\">\n\t\t\t\t\t\n\t\t\t\t\t\t\t\t\t<h4 class=\"bdt-ep-animated-card-sub-title\">\n\t\t\t\t\tSeguro de autom\u00f3vil \t\t\t\t<\/h4>\n\t\t\t\t\t\n\t\t\t\t\t\t\t\n\t\t\t\t\t\t\t\t\t<div class=\"bdt-ep-animated-card-text\">\n\t\t\t\t\tProtege lo que tanto te costo.En Seguros Siempre sabemos que tus bienes son importantes, es por eso que nosotros tenemos lo mejor para ti.<span><\/span>\t\t\t\t<\/div>\n\t\t\t\t\t\n\t\t\t\t\t<div class=\"bdt-ep-animated-card-btn-wrap\">\n\t\t\t\t<a class=\"bdt-ep-animated-card-btn bdt-display-inline-block\" href=\"https:\/\/segurossiempre.com\/index.php\/contact\/\" onclick=\"\">\n\t\t\t\t\tCotiza ya\t\t\t\t\t\t\t\t\t<\/a>\n\t\t\t<\/div>\n\t\t\t\t\t\t\t<\/div>\n\t\t\t\t<div class=\"bdt-ep-animated-card-img-wrap\"><img decoding=\"async\" width=\"300\" height=\"300\" src=\"https:\/\/segurossiempre.com\/wp-content\/uploads\/2023\/12\/auto-particular.png\" class=\"bdt-ep-animated-card-img\" alt=\"\" srcset=\"https:\/\/segurossiempre.com\/wp-content\/uploads\/2023\/12\/auto-particular.png 300w, https:\/\/segurossiempre.com\/wp-content\/uploads\/2023\/12\/auto-particular-150x150.png 150w\" sizes=\"(max-width: 300px) 100vw, 300px\" \/><\/div>\t\t\t<\/div>\n\t\t<\/div>\n\t\t\t\t<\/div>\n\t\t\t\t<\/div>\n\t\t\t\t<\/div>\n\t\t<div class=\"elementor-element elementor-element-590f646 e-con-full e-flex e-con e-child\" data-id=\"590f646\" data-element_type=\"container\" data-e-type=\"container\">\n\t\t\t\t<div class=\"elementor-element elementor-element-423d7d27 elementor-widget elementor-widget-bdt-animated-card\" data-id=\"423d7d27\" data-element_type=\"widget\" data-e-type=\"widget\" data-widget_type=\"bdt-animated-card.default\">\n\t\t\t\t<div class=\"elementor-widget-container\">\n\t\t\t\t\t\t\t<div class=\"bdt-ep-animated-card bdt-style-1\">\n\t\t\t<div class=\"bdt-ep-animated-card-item\">\n\t\t\t\t<div class=\"bdt-ep-animated-card-circle\"><\/div>\n\t\t\t\t<div class=\"bdt-ep-animated-card-content\">\n\t\t\t\t\t\n\t\t\t\t\t\t\t\t\t<h4 class=\"bdt-ep-animated-card-sub-title\">\n\t\t\t\t\tSeguro de Salud\t\t\t\t<\/h4>\n\t\t\t\t\t\n\t\t\t\t\t\t\t\n\t\t\t\t\t\t\t\t\t<div class=\"bdt-ep-animated-card-text\">\n\t\t\t\t\tEl seguro de salud paga beneficios cuando usted o un miembro de su familia est\u00e1n enfermos o lesionados y, en muchos casos, tambi\u00e9n brinda atenci\u00f3n preventiva cr\u00edtica.\u00a0En Seguros Siempre tenemos acceso a la mayor\u00eda de las compa\u00f1\u00edas de seguros de salud y trabajan tanto con individuos como con empleadores en seguros de salud. Seremos su mejor opcion.\t\t\t\t<\/div>\n\t\t\t\t\t\n\t\t\t\t\t<div class=\"bdt-ep-animated-card-btn-wrap\">\n\t\t\t\t<a class=\"bdt-ep-animated-card-btn bdt-display-inline-block\" href=\"https:\/\/segurossiempre.com\/index.php\/contact\/\" onclick=\"\">\n\t\t\t\t\tCotiza Ya\t\t\t\t\t\t\t\t\t<\/a>\n\t\t\t<\/div>\n\t\t\t\t\t\t\t<\/div>\n\t\t\t\t<div class=\"bdt-ep-animated-card-img-wrap\"><img decoding=\"async\" width=\"300\" height=\"300\" src=\"https:\/\/segurossiempre.com\/wp-content\/uploads\/2023\/12\/salud.png\" class=\"bdt-ep-animated-card-img\" alt=\"\" srcset=\"https:\/\/segurossiempre.com\/wp-content\/uploads\/2023\/12\/salud.png 300w, https:\/\/segurossiempre.com\/wp-content\/uploads\/2023\/12\/salud-150x150.png 150w\" sizes=\"(max-width: 300px) 100vw, 300px\" \/><\/div>\t\t\t<\/div>\n\t\t<\/div>\n\t\t\t\t<\/div>\n\t\t\t\t<\/div>\n\t\t\t\t<\/div>\n\t\t<div class=\"elementor-element elementor-element-7e70b326 e-con-full e-flex e-con e-child\" data-id=\"7e70b326\" data-element_type=\"container\" data-e-type=\"container\">\n\t\t\t\t<div class=\"elementor-element elementor-element-7fc50547 elementor-widget elementor-widget-bdt-animated-card\" data-id=\"7fc50547\" data-element_type=\"widget\" data-e-type=\"widget\" data-widget_type=\"bdt-animated-card.default\">\n\t\t\t\t<div class=\"elementor-widget-container\">\n\t\t\t\t\t\t\t<div class=\"bdt-ep-animated-card bdt-style-1\">\n\t\t\t<div class=\"bdt-ep-animated-card-item\">\n\t\t\t\t<div class=\"bdt-ep-animated-card-circle\"><\/div>\n\t\t\t\t<div class=\"bdt-ep-animated-card-content\">\n\t\t\t\t\t\n\t\t\t\t\t\t\t\t\t<h4 class=\"bdt-ep-animated-card-sub-title\">\n\t\t\t\t\tSeguro de vida\t\t\t\t<\/h4>\n\t\t\t\t\t\n\t\t\t\t\t\t\t\n\t\t\t\t\t\t\t\t\t<div class=\"bdt-ep-animated-card-text\">\n\t\t\t\t\tEn Seguros Siempre, representamos a un gran n\u00famero de compa\u00f1\u00edas de seguros de vida.&nbsp;Para conocer las opciones de cobertura y obtener una cotizaci\u00f3n, puede escribirnos a info@segurossiempre.com o utilizar la solicitud en nuestra pagina&nbsp;para ver las opciones adaptadas a sus necesidades.<span><\/span>\t\t\t\t<\/div>\n\t\t\t\t\t\n\t\t\t\t\t<div class=\"bdt-ep-animated-card-btn-wrap\">\n\t\t\t\t<a class=\"bdt-ep-animated-card-btn bdt-display-inline-block\" href=\"https:\/\/segurossiempre.com\/index.php\/contact\/\" onclick=\"\">\n\t\t\t\t\tCotiza Ya\t\t\t\t\t\t\t\t\t<\/a>\n\t\t\t<\/div>\n\t\t\t\t\t\t\t<\/div>\n\t\t\t\t<div class=\"bdt-ep-animated-card-img-wrap\"><img loading=\"lazy\" decoding=\"async\" width=\"300\" height=\"300\" src=\"https:\/\/segurossiempre.com\/wp-content\/uploads\/2023\/12\/vida.png\" class=\"bdt-ep-animated-card-img\" alt=\"\" srcset=\"https:\/\/segurossiempre.com\/wp-content\/uploads\/2023\/12\/vida.png 300w, https:\/\/segurossiempre.com\/wp-content\/uploads\/2023\/12\/vida-150x150.png 150w\" sizes=\"(max-width: 300px) 100vw, 300px\" \/><\/div>\t\t\t<\/div>\n\t\t<\/div>\n\t\t\t\t<\/div>\n\t\t\t\t<\/div>\n\t\t\t\t<\/div>\n\t\t<div class=\"elementor-element elementor-element-64df2d09 e-con-full e-flex e-con e-child\" data-id=\"64df2d09\" data-element_type=\"container\" data-e-type=\"container\">\n\t\t\t\t<div class=\"elementor-element elementor-element-1848c01e elementor-widget elementor-widget-bdt-animated-card\" data-id=\"1848c01e\" data-element_type=\"widget\" data-e-type=\"widget\" data-widget_type=\"bdt-animated-card.default\">\n\t\t\t\t<div class=\"elementor-widget-container\">\n\t\t\t\t\t\t\t<div class=\"bdt-ep-animated-card bdt-style-1\">\n\t\t\t<div class=\"bdt-ep-animated-card-item\">\n\t\t\t\t<div class=\"bdt-ep-animated-card-circle\"><\/div>\n\t\t\t\t<div class=\"bdt-ep-animated-card-content\">\n\t\t\t\t\t\n\t\t\t\t\t\t\t\t\t<h4 class=\"bdt-ep-animated-card-sub-title\">\n\t\t\t\t\tSeguro de Accidentes Personales\t\t\t\t<\/h4>\n\t\t\t\t\t\n\t\t\t\t\t\t\t\n\t\t\t\t\t\t\t\t\t<div class=\"bdt-ep-animated-card-text\">\n\t\t\t\t\t<span>En caso de accidente, en tu hogar, oficina, te cubre los gastos de accidente y renta por hospitalizaciones, en Seguros Siempre tenemos lo que necesitas.<\/span>\t\t\t\t<\/div>\n\t\t\t\t\t\n\t\t\t\t\t<div class=\"bdt-ep-animated-card-btn-wrap\">\n\t\t\t\t<a class=\"bdt-ep-animated-card-btn bdt-display-inline-block\" href=\"https:\/\/segurossiempre.com\/index.php\/contact\/\" onclick=\"\">\n\t\t\t\t\tCotiza Ya\t\t\t\t\t\t\t\t\t<\/a>\n\t\t\t<\/div>\n\t\t\t\t\t\t\t<\/div>\n\t\t\t\t<div class=\"bdt-ep-animated-card-img-wrap\"><img loading=\"lazy\" decoding=\"async\" width=\"300\" height=\"300\" src=\"https:\/\/segurossiempre.com\/wp-content\/uploads\/2023\/12\/ACCIDENTES.png\" class=\"bdt-ep-animated-card-img\" alt=\"\" srcset=\"https:\/\/segurossiempre.com\/wp-content\/uploads\/2023\/12\/ACCIDENTES.png 300w, https:\/\/segurossiempre.com\/wp-content\/uploads\/2023\/12\/ACCIDENTES-150x150.png 150w\" sizes=\"(max-width: 300px) 100vw, 300px\" \/><\/div>\t\t\t<\/div>\n\t\t<\/div>\n\t\t\t\t<\/div>\n\t\t\t\t<\/div>\n\t\t\t\t<\/div>\n\t\t<div class=\"elementor-element elementor-element-4b6970d e-con-full e-flex e-con e-child\" data-id=\"4b6970d\" data-element_type=\"container\" data-e-type=\"container\">\n\t\t\t\t<div class=\"elementor-element elementor-element-490ffc34 elementor-widget elementor-widget-bdt-animated-card\" data-id=\"490ffc34\" data-element_type=\"widget\" data-e-type=\"widget\" data-widget_type=\"bdt-animated-card.default\">\n\t\t\t\t<div class=\"elementor-widget-container\">\n\t\t\t\t\t\t\t<div class=\"bdt-ep-animated-card bdt-style-1\">\n\t\t\t<div class=\"bdt-ep-animated-card-item\">\n\t\t\t\t<div class=\"bdt-ep-animated-card-circle\"><\/div>\n\t\t\t\t<div class=\"bdt-ep-animated-card-content\">\n\t\t\t\t\t\n\t\t\t\t\t\t\t\t\t<h4 class=\"bdt-ep-animated-card-sub-title\">\n\t\t\t\t\tSeguro de Incendio Residencial\t\t\t\t<\/h4>\n\t\t\t\t\t\n\t\t\t\t\t\t\t\n\t\t\t\t\t\t\t\t\t<div class=\"bdt-ep-animated-card-text\">\n\t\t\t\t\tEn caso de incendio y las consecuencias de estos, tu poliza de incendio te cubre todas tus perdidas ayudandote a recuperarte.\t\t\t\t<\/div>\n\t\t\t\t\t\n\t\t\t\t\t<div class=\"bdt-ep-animated-card-btn-wrap\">\n\t\t\t\t<a class=\"bdt-ep-animated-card-btn bdt-display-inline-block\" href=\"https:\/\/segurossiempre.com\/index.php\/contact\/\" onclick=\"\">\n\t\t\t\t\tCotiza Ya\t\t\t\t\t\t\t\t\t<\/a>\n\t\t\t<\/div>\n\t\t\t\t\t\t\t<\/div>\n\t\t\t\t<div class=\"bdt-ep-animated-card-img-wrap\"><img loading=\"lazy\" decoding=\"async\" width=\"300\" height=\"300\" src=\"https:\/\/segurossiempre.com\/wp-content\/uploads\/2023\/12\/Seguro-de-Incendio-Residencial.png\" class=\"bdt-ep-animated-card-img\" alt=\"\" srcset=\"https:\/\/segurossiempre.com\/wp-content\/uploads\/2023\/12\/Seguro-de-Incendio-Residencial.png 300w, https:\/\/segurossiempre.com\/wp-content\/uploads\/2023\/12\/Seguro-de-Incendio-Residencial-150x150.png 150w\" sizes=\"(max-width: 300px) 100vw, 300px\" \/><\/div>\t\t\t<\/div>\n\t\t<\/div>\n\t\t\t\t<\/div>\n\t\t\t\t<\/div>\n\t\t\t\t<\/div>\n\t\t<div class=\"elementor-element elementor-element-2c25c34a e-con-full e-flex e-con e-child\" data-id=\"2c25c34a\" data-element_type=\"container\" data-e-type=\"container\">\n\t\t\t\t<div class=\"elementor-element elementor-element-223e11a2 elementor-widget elementor-widget-bdt-animated-card\" data-id=\"223e11a2\" data-element_type=\"widget\" data-e-type=\"widget\" data-widget_type=\"bdt-animated-card.default\">\n\t\t\t\t<div class=\"elementor-widget-container\">\n\t\t\t\t\t\t\t<div class=\"bdt-ep-animated-card bdt-style-1\">\n\t\t\t<div class=\"bdt-ep-animated-card-item\">\n\t\t\t\t<div class=\"bdt-ep-animated-card-circle\"><\/div>\n\t\t\t\t<div class=\"bdt-ep-animated-card-content\">\n\t\t\t\t\t\n\t\t\t\t\t\t\t\t\t<h4 class=\"bdt-ep-animated-card-sub-title\">\n\t\t\t\t\tSeguro de Casco Mar\u00edtimo\t\t\t\t<\/h4>\n\t\t\t\t\t\n\t\t\t\t\t\t\t\n\t\t\t\t\t\t\t\t\t<div class=\"bdt-ep-animated-card-text\">\n\t\t\t\t\tCon tu seguro de casco mar\u00edtimo puedes asegurar tu veh\u00edculo naviero contra accidentes causados de forma accidental e imprevista, con Seguros Siempre viaja tranquilo y disfruta del mar.\t\t\t\t<\/div>\n\t\t\t\t\t\n\t\t\t\t\t<div class=\"bdt-ep-animated-card-btn-wrap\">\n\t\t\t\t<a class=\"bdt-ep-animated-card-btn bdt-display-inline-block\" href=\"https:\/\/segurossiempre.com\/index.php\/contact\/\" onclick=\"\">\n\t\t\t\t\tCotiza Ya\t\t\t\t\t\t\t\t\t<\/a>\n\t\t\t<\/div>\n\t\t\t\t\t\t\t<\/div>\n\t\t\t\t<div class=\"bdt-ep-animated-card-img-wrap\"><img loading=\"lazy\" decoding=\"async\" width=\"300\" height=\"300\" src=\"https:\/\/segurossiempre.com\/wp-content\/uploads\/2023\/12\/casco-Maritimo-1.png\" class=\"bdt-ep-animated-card-img\" alt=\"\" srcset=\"https:\/\/segurossiempre.com\/wp-content\/uploads\/2023\/12\/casco-Maritimo-1.png 300w, https:\/\/segurossiempre.com\/wp-content\/uploads\/2023\/12\/casco-Maritimo-1-150x150.png 150w\" sizes=\"(max-width: 300px) 100vw, 300px\" \/><\/div>\t\t\t<\/div>\n\t\t<\/div>\n\t\t\t\t<\/div>\n\t\t\t\t<\/div>\n\t\t\t\t<\/div>\n\t\t\t\t\t<\/div>\n\t\t\t\t<\/div>\n\t\t<div class=\"elementor-element elementor-element-986f2c0 e-flex e-con-boxed e-con e-parent\" data-id=\"986f2c0\" data-element_type=\"container\" data-e-type=\"container\">\n\t\t\t\t\t<div class=\"e-con-inner\">\n\t\t<div class=\"elementor-element elementor-element-3d260e3 e-con-full e-flex e-con e-child\" data-id=\"3d260e3\" data-element_type=\"container\" data-e-type=\"container\">\n\t\t\t\t<div class=\"elementor-element elementor-element-9a891a7 elementor-widget elementor-widget-bdt-animated-card\" data-id=\"9a891a7\" data-element_type=\"widget\" data-e-type=\"widget\" data-widget_type=\"bdt-animated-card.default\">\n\t\t\t\t<div class=\"elementor-widget-container\">\n\t\t\t\t\t\t\t<div class=\"bdt-ep-animated-card bdt-style-1\">\n\t\t\t<div class=\"bdt-ep-animated-card-item\">\n\t\t\t\t<div class=\"bdt-ep-animated-card-circle\"><\/div>\n\t\t\t\t<div class=\"bdt-ep-animated-card-content\">\n\t\t\t\t\t\n\t\t\t\t\t\t\t\t\t<h4 class=\"bdt-ep-animated-card-sub-title\">\n\t\t\t\t\tSeguro de Mercanc\u00edas\t\t\t\t<\/h4>\n\t\t\t\t\t\n\t\t\t\t\t\t\t\n\t\t\t\t\t\t\t\t\t<div class=\"bdt-ep-animated-card-text\">\n\t\t\t\t\tEn Seguros Siempre protegemos tus env\u00edos de carga, protege tu inversi\u00f3n financiera, cubre los da\u00f1os o p\u00e9rdidas de los bienes asegurados durante el transporte.\t\t\t\t<\/div>\n\t\t\t\t\t\n\t\t\t\t\t<div class=\"bdt-ep-animated-card-btn-wrap\">\n\t\t\t\t<a class=\"bdt-ep-animated-card-btn bdt-display-inline-block\" href=\"https:\/\/segurossiempre.com\/index.php\/contact\/\" onclick=\"\">\n\t\t\t\t\tCotiza Ya\t\t\t\t\t\t\t\t\t<\/a>\n\t\t\t<\/div>\n\t\t\t\t\t\t\t<\/div>\n\t\t\t\t<div class=\"bdt-ep-animated-card-img-wrap\"><img loading=\"lazy\" decoding=\"async\" width=\"300\" height=\"300\" src=\"https:\/\/segurossiempre.com\/wp-content\/uploads\/2023\/12\/Mercancia.png\" class=\"bdt-ep-animated-card-img\" alt=\"\" srcset=\"https:\/\/segurossiempre.com\/wp-content\/uploads\/2023\/12\/Mercancia.png 300w, https:\/\/segurossiempre.com\/wp-content\/uploads\/2023\/12\/Mercancia-150x150.png 150w\" sizes=\"(max-width: 300px) 100vw, 300px\" \/><\/div>\t\t\t<\/div>\n\t\t<\/div>\n\t\t\t\t<\/div>\n\t\t\t\t<\/div>\n\t\t\t\t<\/div>\n\t\t<div class=\"elementor-element elementor-element-1edd737 e-con-full e-flex e-con e-child\" data-id=\"1edd737\" data-element_type=\"container\" data-e-type=\"container\">\n\t\t\t\t<div class=\"elementor-element elementor-element-2e1a935 elementor-widget elementor-widget-bdt-animated-card\" data-id=\"2e1a935\" data-element_type=\"widget\" data-e-type=\"widget\" data-widget_type=\"bdt-animated-card.default\">\n\t\t\t\t<div class=\"elementor-widget-container\">\n\t\t\t\t\t\t\t<div class=\"bdt-ep-animated-card bdt-style-1\">\n\t\t\t<div class=\"bdt-ep-animated-card-item\">\n\t\t\t\t<div class=\"bdt-ep-animated-card-circle\"><\/div>\n\t\t\t\t<div class=\"bdt-ep-animated-card-content\">\n\t\t\t\t\t\n\t\t\t\t\t\t\t\t\t<h4 class=\"bdt-ep-animated-card-sub-title\">\n\t\t\t\t\tSeguros de Viaje\t\t\t\t<\/h4>\n\t\t\t\t\t\n\t\t\t\t\t\t\t\n\t\t\t\t\t\t\t\t\t<div class=\"bdt-ep-animated-card-text\">\n\t\t\t\t\tEn Seguros Siempre, protegemos tus vacaciones ante cualquier imprevisto, gastos de atenci\u00f3n m\u00e9dica, perdida del equipaje o del vuelo, disfruta de tus vacaciones escr\u00edbenos a info@segurossiempre.com<span><\/span>\t\t\t\t<\/div>\n\t\t\t\t\t\n\t\t\t\t\t<div class=\"bdt-ep-animated-card-btn-wrap\">\n\t\t\t\t<a class=\"bdt-ep-animated-card-btn bdt-display-inline-block\" href=\"https:\/\/segurossiempre.com\/index.php\/contact\/\" onclick=\"\">\n\t\t\t\t\tCotiza Ya\t\t\t\t\t\t\t\t\t<\/a>\n\t\t\t<\/div>\n\t\t\t\t\t\t\t<\/div>\n\t\t\t\t<div class=\"bdt-ep-animated-card-img-wrap\"><img loading=\"lazy\" decoding=\"async\" width=\"300\" height=\"300\" src=\"https:\/\/segurossiempre.com\/wp-content\/uploads\/2023\/12\/viajes.png\" class=\"bdt-ep-animated-card-img\" alt=\"\" srcset=\"https:\/\/segurossiempre.com\/wp-content\/uploads\/2023\/12\/viajes.png 300w, https:\/\/segurossiempre.com\/wp-content\/uploads\/2023\/12\/viajes-150x150.png 150w\" sizes=\"(max-width: 300px) 100vw, 300px\" \/><\/div>\t\t\t<\/div>\n\t\t<\/div>\n\t\t\t\t<\/div>\n\t\t\t\t<\/div>\n\t\t\t\t<\/div>\n\t\t<div class=\"elementor-element elementor-element-bab5751 e-con-full e-flex e-con e-child\" data-id=\"bab5751\" data-element_type=\"container\" data-e-type=\"container\">\n\t\t\t\t<div class=\"elementor-element elementor-element-6e5bf9f elementor-widget elementor-widget-bdt-animated-card\" data-id=\"6e5bf9f\" data-element_type=\"widget\" data-e-type=\"widget\" data-widget_type=\"bdt-animated-card.default\">\n\t\t\t\t<div class=\"elementor-widget-container\">\n\t\t\t\t\t\t\t<div class=\"bdt-ep-animated-card bdt-style-1\">\n\t\t\t<div class=\"bdt-ep-animated-card-item\">\n\t\t\t\t<div class=\"bdt-ep-animated-card-circle\"><\/div>\n\t\t\t\t<div class=\"bdt-ep-animated-card-content\">\n\t\t\t\t\t\n\t\t\t\t\t\t\t\t\t<h4 class=\"bdt-ep-animated-card-sub-title\">\n\t\t\t\t\tSeguro de Equipo Electr\u00f3nico\t\t\t\t<\/h4>\n\t\t\t\t\t\n\t\t\t\t\t\t\t\n\t\t\t\t\t\t\t\t\t<div class=\"bdt-ep-animated-card-text\">\n\t\t\t\t\t<span>En seguros Siempre, protegemos tu inversi\u00f3n, aseguramos, tus equipos electr\u00f3nicos, aparatos fijos, cuyo uso o funcinaniento se basa fundamentalmente en los principios de la electr\u00f3nica.<\/span>\t\t\t\t<\/div>\n\t\t\t\t\t\n\t\t\t\t\t<div class=\"bdt-ep-animated-card-btn-wrap\">\n\t\t\t\t<a class=\"bdt-ep-animated-card-btn bdt-display-inline-block\" href=\"https:\/\/segurossiempre.com\/index.php\/contact\/\" onclick=\"\">\n\t\t\t\t\tCotiza Ya\t\t\t\t\t\t\t\t\t<\/a>\n\t\t\t<\/div>\n\t\t\t\t\t\t\t<\/div>\n\t\t\t\t<div class=\"bdt-ep-animated-card-img-wrap\"><img loading=\"lazy\" decoding=\"async\" width=\"300\" height=\"300\" src=\"https:\/\/segurossiempre.com\/wp-content\/uploads\/2023\/12\/electronica.png\" class=\"bdt-ep-animated-card-img\" alt=\"\" srcset=\"https:\/\/segurossiempre.com\/wp-content\/uploads\/2023\/12\/electronica.png 300w, https:\/\/segurossiempre.com\/wp-content\/uploads\/2023\/12\/electronica-150x150.png 150w\" sizes=\"(max-width: 300px) 100vw, 300px\" \/><\/div>\t\t\t<\/div>\n\t\t<\/div>\n\t\t\t\t<\/div>\n\t\t\t\t<\/div>\n\t\t\t\t<\/div>\n\t\t\t\t\t<\/div>\n\t\t\t\t<\/div>\n\t\t\t\t<\/div>\n\t\t","protected":false},"excerpt":{"rendered":"<p>Seguros Particulares Encuentra coberturas a medida para tu vida y patrimonio. Garantizamos seguridad y tranquilidad con soluciones adaptadas a tus necesidades individuales. [&hellip;]<\/p>\n","protected":false},"author":1,"featured_media":0,"parent":0,"menu_order":0,"comment_status":"closed","ping_status":"closed","template":"","meta":{"_monsterinsights_skip_tracking":false,"_monsterinsights_sitenote_active":false,"_monsterinsights_sitenote_note":"","_monsterinsights_sitenote_category":0,"footnotes":""},"class_list":["post-345","page","type-page","status-publish","hentry"],"aioseo_notices":[],"_links":{"self":[{"href":"https:\/\/segurossiempre.com\/index.php\/wp-json\/wp\/v2\/pages\/345","targetHints":{"allow":["GET"]}}],"collection":[{"href":"https:\/\/segurossiempre.com\/index.php\/wp-json\/wp\/v2\/pages"}],"about":[{"href":"https:\/\/segurossiempre.com\/index.php\/wp-json\/wp\/v2\/types\/page"}],"author":[{"embeddable":true,"href":"https:\/\/segurossiempre.com\/index.php\/wp-json\/wp\/v2\/users\/1"}],"replies":[{"embeddable":true,"href":"https:\/\/segurossiempre.com\/index.php\/wp-json\/wp\/v2\/comments?post=345"}],"version-history":[{"count":47,"href":"https:\/\/segurossiempre.com\/index.php\/wp-json\/wp\/v2\/pages\/345\/revisions"}],"predecessor-version":[{"id":556,"href":"https:\/\/segurossiempre.com\/index.php\/wp-json\/wp\/v2\/pages\/345\/revisions\/556"}],"wp:attachment":[{"href":"https:\/\/segurossiempre.com\/index.php\/wp-json\/wp\/v2\/media?parent=345"}],"curies":[{"name":"wp","href":"https:\/\/api.w.org\/{rel}","templated":true}]}}